{"id":27,"date":"2024-11-01T02:50:15","date_gmt":"2024-11-01T02:50:15","guid":{"rendered":"https:\/\/establodegrabacion.com\/?page_id=27"},"modified":"2024-12-10T05:32:52","modified_gmt":"2024-12-10T08:32:52","slug":"musica","status":"publish","type":"page","link":"https:\/\/establodegrabacion.com\/en\/musica\/","title":{"rendered":"ARTISTAS Y BANDAS"},"content":{"rendered":"<p class=\"has-text-align-center has-albert-sans-font-family has-medium-font-size\">A lo largo de los a\u00f1os, hemos tenido la suerte de recibir a las siguientes bandas y artistas en nuestro estudio, ya sea para tareas de grabaci\u00f3n y producci\u00f3n, como tambi\u00e9n para mezcla y mastering:<\/p>\n\n\n\n<p class=\"has-text-align-center has-aovel-sans-font-family has-large-font-size\"><a href=\"https:\/\/open.spotify.com\/playlist\/17vp3nHNPv4U1TcytADnLr\" data-type=\"link\" data-id=\"https:\/\/open.spotify.com\/playlist\/17vp3nHNPv4U1TcytADnLr\" target=\"_blank\" rel=\"noopener\">\u00a1ESCUCH\u00c1 NUESTA PLAYLIST EN SPOTIFY!<\/a><\/p>\n\n\n\n<div class=\"wp-block-cover has-aspect-ratio\" style=\"border-width:18px;border-radius:44px;margin-top:0;margin-bottom:0;padding-top:var(--wp--preset--spacing--20);padding-right:var(--wp--preset--spacing--10);padding-bottom:var(--wp--preset--spacing--20);padding-left:var(--wp--preset--spacing--10);aspect-ratio:16\/9;min-height:unset;\"><span aria-hidden=\"true\" class=\"wp-block-cover__background has-background-dim-30 has-background-dim\"><\/span><img loading=\"lazy\" decoding=\"async\" width=\"1024\" height=\"683\" class=\"wp-block-cover__image-background wp-image-57\" alt=\"\" src=\"https:\/\/establodegrabacion.com\/wp-content\/uploads\/2024\/11\/DSC3374-1024x683.jpg\" data-object-fit=\"cover\" srcset=\"https:\/\/establodegrabacion.com\/wp-content\/uploads\/2024\/11\/DSC3374-1024x683.jpg 1024w, https:\/\/establodegrabacion.com\/wp-content\/uploads\/2024\/11\/DSC3374-300x200.jpg 300w, https:\/\/establodegrabacion.com\/wp-content\/uploads\/2024\/11\/DSC3374-768x512.jpg 768w, https:\/\/establodegrabacion.com\/wp-content\/uploads\/2024\/11\/DSC3374-1536x1024.jpg 1536w, https:\/\/establodegrabacion.com\/wp-content\/uploads\/2024\/11\/DSC3374-2048x1365.jpg 2048w\" sizes=\"auto, (max-width: 1024px) 100vw, 1024px\" \/><div class=\"wp-block-cover__inner-container is-layout-flow wp-container-core-cover-is-layout-1 wp-block-cover-is-layout-flow\">\n<p class=\"has-text-align-center has-albert-sans-font-family\" style=\"font-size:clamp(0.875rem, 0.875rem + ((1vw - 0.2rem) * 0.194), 1.2rem);font-style:normal;font-weight:700;text-transform:none\">Yusa (Cuba), Cuban Beats All Stars (Cuba), ATR (Brasil), Amlak Tafari de Steel Pulse (Reino Unido), Gazpacho Errante (Espa\u00f1a), Alika (Uruguay), Actitud Maria Marta, Malena Dalesio, Mambito Rap, Princesa, Hilda Lizarazu, Magdalena Fleitas, Gativideo, INCLAN, Mike Amigorena, Los Umbanda, Yira, Los Solfa, Aldo Ben\u00edtez, Marcelo Fabi\u00e1n, Luciano Ca\u00f1ete, Matias Morande, Alejandro Villalba, Milena Aristegui, Victoria Real, Pablo Montiel, Pez Perro, Quinta Feira, Caravana, Siniestra, Jazmin Oil, Mamita Santa, Los Corleone, Hugo Lobo, Luz Buena, Andrea Merenzon, Caravana Tango, entre otros.<\/p>\n<\/div><\/div>\n\n\n\n<div class=\"wp-block-group alignfull has-global-padding is-layout-constrained wp-container-core-group-is-layout-1 wp-block-group-is-layout-constrained\" style=\"margin-top:0;margin-bottom:0;padding-top:var(--wp--preset--spacing--30);padding-right:var(--wp--preset--spacing--30);padding-bottom:var(--wp--preset--spacing--30);padding-left:var(--wp--preset--spacing--30)\">\n<div class=\"wp-block-columns alignwide is-layout-flex wp-container-core-columns-is-layout-1 wp-block-columns-is-layout-flex\" style=\"margin-top:0;margin-bottom:0\">\n<div class=\"wp-block-column is-layout-flow wp-container-core-column-is-layout-1 wp-block-column-is-layout-flow\">\n<figure class=\"wp-block-image size-large is-style-rounded is-style-rounded--1\"><a href=\"https:\/\/open.spotify.com\/intl-es\/album\/2w6MYIBIuhWwHsb5xvoKll?si=03EGunl-Qi6WiekTMmqbXw\" target=\"_blank\" rel=\"noopener\"><img loading=\"lazy\" decoding=\"async\" width=\"1021\" height=\"1024\" src=\"https:\/\/establodegrabacion.com\/wp-content\/uploads\/2024\/11\/GATIVIDEO-1021x1024.jpg\" alt=\"\" class=\"wp-image-121\" style=\"aspect-ratio:1;object-fit:cover\" srcset=\"https:\/\/establodegrabacion.com\/wp-content\/uploads\/2024\/11\/GATIVIDEO-1021x1024.jpg 1021w, https:\/\/establodegrabacion.com\/wp-content\/uploads\/2024\/11\/GATIVIDEO-300x300.jpg 300w, https:\/\/establodegrabacion.com\/wp-content\/uploads\/2024\/11\/GATIVIDEO-150x150.jpg 150w, https:\/\/establodegrabacion.com\/wp-content\/uploads\/2024\/11\/GATIVIDEO-768x770.jpg 768w, https:\/\/establodegrabacion.com\/wp-content\/uploads\/2024\/11\/GATIVIDEO.jpg 1437w\" sizes=\"auto, (max-width: 1021px) 100vw, 1021px\" \/><\/a><\/figure>\n\n\n\n<div style=\"height:var(--wp--preset--spacing--50)\" aria-hidden=\"true\" class=\"wp-block-spacer\"><\/div>\n\n\n\n<figure class=\"wp-block-image size-large is-style-rounded is-style-rounded--2\"><a href=\"https:\/\/open.spotify.com\/intl-es\/album\/2oXnRDPb4HCbEye9L6arJb?si=03qkdW8TT16-AVbKOPT6xg\" target=\"_blank\" rel=\"noopener\"><img loading=\"lazy\" decoding=\"async\" width=\"1024\" height=\"1020\" src=\"https:\/\/establodegrabacion.com\/wp-content\/uploads\/2024\/11\/UMBANDA-1024x1020.jpg\" alt=\"\" class=\"wp-image-130\" style=\"aspect-ratio:1;object-fit:cover\" srcset=\"https:\/\/establodegrabacion.com\/wp-content\/uploads\/2024\/11\/UMBANDA-1024x1020.jpg 1024w, https:\/\/establodegrabacion.com\/wp-content\/uploads\/2024\/11\/UMBANDA-300x300.jpg 300w, https:\/\/establodegrabacion.com\/wp-content\/uploads\/2024\/11\/UMBANDA-150x150.jpg 150w, https:\/\/establodegrabacion.com\/wp-content\/uploads\/2024\/11\/UMBANDA-768x765.jpg 768w, https:\/\/establodegrabacion.com\/wp-content\/uploads\/2024\/11\/UMBANDA.jpg 1434w\" sizes=\"auto, (max-width: 1024px) 100vw, 1024px\" \/><\/a><\/figure>\n\n\n\n<div style=\"height:var(--wp--preset--spacing--50)\" aria-hidden=\"true\" class=\"wp-block-spacer\"><\/div>\n\n\n\n<figure class=\"wp-block-image size-large is-style-rounded is-style-rounded--3\"><a href=\"https:\/\/open.spotify.com\/intl-es\/album\/5zFgxuSVENxY0RhBFMEwql?si=CNMHFO1eQ9CgV-T6SSPwZg\" target=\"_blank\" rel=\"noopener\"><img loading=\"lazy\" decoding=\"async\" width=\"1022\" height=\"1024\" src=\"https:\/\/establodegrabacion.com\/wp-content\/uploads\/2024\/11\/VOSQUE-1022x1024.jpg\" alt=\"\" class=\"wp-image-131\" style=\"aspect-ratio:1;object-fit:cover\" srcset=\"https:\/\/establodegrabacion.com\/wp-content\/uploads\/2024\/11\/VOSQUE-1022x1024.jpg 1022w, https:\/\/establodegrabacion.com\/wp-content\/uploads\/2024\/11\/VOSQUE-300x300.jpg 300w, https:\/\/establodegrabacion.com\/wp-content\/uploads\/2024\/11\/VOSQUE-150x150.jpg 150w, https:\/\/establodegrabacion.com\/wp-content\/uploads\/2024\/11\/VOSQUE-768x770.jpg 768w, https:\/\/establodegrabacion.com\/wp-content\/uploads\/2024\/11\/VOSQUE.jpg 1419w\" sizes=\"auto, (max-width: 1022px) 100vw, 1022px\" \/><\/a><\/figure>\n<\/div>\n\n\n\n<div class=\"wp-block-column is-layout-flow wp-container-core-column-is-layout-2 wp-block-column-is-layout-flow\">\n<div style=\"height:var(--wp--preset--spacing--50)\" aria-hidden=\"true\" class=\"wp-block-spacer\"><\/div>\n\n\n\n<figure class=\"wp-block-image size-large is-style-rounded is-style-rounded--4\"><a href=\"https:\/\/open.spotify.com\/intl-es\/album\/260oWvYs6G5xyT7QnzmTeY?si=i9audC6zSCexxUMm8gWZ0g\" target=\"_blank\" rel=\"noopener\"><img loading=\"lazy\" decoding=\"async\" width=\"1024\" height=\"1022\" src=\"https:\/\/establodegrabacion.com\/wp-content\/uploads\/2024\/11\/SINIESTRA-1024x1022.jpg\" alt=\"\" class=\"wp-image-129\" style=\"aspect-ratio:1;object-fit:cover\" srcset=\"https:\/\/establodegrabacion.com\/wp-content\/uploads\/2024\/11\/SINIESTRA-1024x1022.jpg 1024w, https:\/\/establodegrabacion.com\/wp-content\/uploads\/2024\/11\/SINIESTRA-300x300.jpg 300w, https:\/\/establodegrabacion.com\/wp-content\/uploads\/2024\/11\/SINIESTRA-150x150.jpg 150w, https:\/\/establodegrabacion.com\/wp-content\/uploads\/2024\/11\/SINIESTRA-768x766.jpg 768w, https:\/\/establodegrabacion.com\/wp-content\/uploads\/2024\/11\/SINIESTRA.jpg 1422w\" sizes=\"auto, (max-width: 1024px) 100vw, 1024px\" \/><\/a><\/figure>\n\n\n\n<div style=\"height:var(--wp--preset--spacing--50)\" aria-hidden=\"true\" class=\"wp-block-spacer\"><\/div>\n\n\n\n<figure class=\"wp-block-image size-large is-style-rounded is-style-rounded--5\"><a href=\"https:\/\/open.spotify.com\/intl-es\/album\/18mZ9w9WPD3HZuN4qY1ucR?si=3LU85b3GRm2LiI3-_gQ7Ew\" target=\"_blank\" rel=\"noopener\"><img loading=\"lazy\" decoding=\"async\" width=\"1024\" height=\"1013\" src=\"https:\/\/establodegrabacion.com\/wp-content\/uploads\/2024\/11\/RITMO-DEL-FUEGO-MEXICO86-1024x1013.png\" alt=\"\" class=\"wp-image-128\" style=\"aspect-ratio:1;object-fit:cover\" srcset=\"https:\/\/establodegrabacion.com\/wp-content\/uploads\/2024\/11\/RITMO-DEL-FUEGO-MEXICO86-1024x1013.png 1024w, https:\/\/establodegrabacion.com\/wp-content\/uploads\/2024\/11\/RITMO-DEL-FUEGO-MEXICO86-300x297.png 300w, https:\/\/establodegrabacion.com\/wp-content\/uploads\/2024\/11\/RITMO-DEL-FUEGO-MEXICO86-768x760.png 768w, https:\/\/establodegrabacion.com\/wp-content\/uploads\/2024\/11\/RITMO-DEL-FUEGO-MEXICO86.png 1431w\" sizes=\"auto, (max-width: 1024px) 100vw, 1024px\" \/><\/a><\/figure>\n\n\n\n<div style=\"height:var(--wp--preset--spacing--50)\" aria-hidden=\"true\" class=\"wp-block-spacer\"><\/div>\n\n\n\n<figure class=\"wp-block-image size-large is-style-rounded is-style-rounded--6\"><a href=\"https:\/\/open.spotify.com\/intl-es\/album\/1CkNAxtqNSAL4ZgHhmfirB?si=rHW5uIx1SQ2i7sC5RR1UcQ\" target=\"_blank\" rel=\"noopener\"><img loading=\"lazy\" decoding=\"async\" width=\"1024\" height=\"1024\" src=\"https:\/\/establodegrabacion.com\/wp-content\/uploads\/2024\/11\/LOS-CORLEONE-1-1024x1024.png\" alt=\"\" class=\"wp-image-123\" style=\"aspect-ratio:1;object-fit:cover\" srcset=\"https:\/\/establodegrabacion.com\/wp-content\/uploads\/2024\/11\/LOS-CORLEONE-1-1024x1024.png 1024w, https:\/\/establodegrabacion.com\/wp-content\/uploads\/2024\/11\/LOS-CORLEONE-1-300x300.png 300w, https:\/\/establodegrabacion.com\/wp-content\/uploads\/2024\/11\/LOS-CORLEONE-1-150x150.png 150w, https:\/\/establodegrabacion.com\/wp-content\/uploads\/2024\/11\/LOS-CORLEONE-1-768x768.png 768w, https:\/\/establodegrabacion.com\/wp-content\/uploads\/2024\/11\/LOS-CORLEONE-1.png 1431w\" sizes=\"auto, (max-width: 1024px) 100vw, 1024px\" \/><\/a><\/figure>\n\n\n\n<div style=\"height:var(--wp--preset--spacing--50)\" aria-hidden=\"true\" class=\"wp-block-spacer\"><\/div>\n<\/div>\n\n\n\n<div class=\"wp-block-column is-layout-flow wp-container-core-column-is-layout-3 wp-block-column-is-layout-flow\">\n<figure class=\"wp-block-image size-large is-style-rounded is-style-rounded--7\"><a href=\"https:\/\/open.spotify.com\/intl-es\/album\/2BKZyzc6CExRZkRudJotPX?si=0fL4UWhfQmOPlUo3bYkjRw\" target=\"_blank\" rel=\"noopener\"><img loading=\"lazy\" decoding=\"async\" width=\"1024\" height=\"1024\" src=\"https:\/\/establodegrabacion.com\/wp-content\/uploads\/2024\/11\/EL-CUERPO-PEZ-PERRO-1024x1024.png\" alt=\"\" class=\"wp-image-120\" style=\"aspect-ratio:1;object-fit:cover\" srcset=\"https:\/\/establodegrabacion.com\/wp-content\/uploads\/2024\/11\/EL-CUERPO-PEZ-PERRO-1024x1024.png 1024w, https:\/\/establodegrabacion.com\/wp-content\/uploads\/2024\/11\/EL-CUERPO-PEZ-PERRO-300x300.png 300w, https:\/\/establodegrabacion.com\/wp-content\/uploads\/2024\/11\/EL-CUERPO-PEZ-PERRO-150x150.png 150w, https:\/\/establodegrabacion.com\/wp-content\/uploads\/2024\/11\/EL-CUERPO-PEZ-PERRO-768x768.png 768w, https:\/\/establodegrabacion.com\/wp-content\/uploads\/2024\/11\/EL-CUERPO-PEZ-PERRO.png 1419w\" sizes=\"auto, (max-width: 1024px) 100vw, 1024px\" \/><\/a><\/figure>\n\n\n\n<div style=\"height:var(--wp--preset--spacing--50)\" aria-hidden=\"true\" class=\"wp-block-spacer\"><\/div>\n\n\n\n<figure class=\"wp-block-image size-large is-style-rounded is-style-rounded--8\"><a href=\"https:\/\/open.spotify.com\/intl-es\/album\/2uW2jGtzonraDcBHRTNtAH?si=_uXXmTqiRgeAeun3aSbvXA\" target=\"_blank\" rel=\"noopener\"><img loading=\"lazy\" decoding=\"async\" width=\"1024\" height=\"1024\" src=\"https:\/\/establodegrabacion.com\/wp-content\/uploads\/2024\/11\/LOS-CORLEONE-2-1024x1024.png\" alt=\"\" class=\"wp-image-124\" style=\"aspect-ratio:1;object-fit:cover\" srcset=\"https:\/\/establodegrabacion.com\/wp-content\/uploads\/2024\/11\/LOS-CORLEONE-2-1024x1024.png 1024w, https:\/\/establodegrabacion.com\/wp-content\/uploads\/2024\/11\/LOS-CORLEONE-2-300x300.png 300w, https:\/\/establodegrabacion.com\/wp-content\/uploads\/2024\/11\/LOS-CORLEONE-2-150x150.png 150w, https:\/\/establodegrabacion.com\/wp-content\/uploads\/2024\/11\/LOS-CORLEONE-2-768x768.png 768w, https:\/\/establodegrabacion.com\/wp-content\/uploads\/2024\/11\/LOS-CORLEONE-2.png 1431w\" sizes=\"auto, (max-width: 1024px) 100vw, 1024px\" \/><\/a><\/figure>\n\n\n\n<div style=\"height:var(--wp--preset--spacing--50)\" aria-hidden=\"true\" class=\"wp-block-spacer\"><\/div>\n\n\n\n<figure class=\"wp-block-image size-large is-style-rounded is-style-rounded--9\"><a href=\"https:\/\/open.spotify.com\/intl-es\/album\/51yLH3lkLArKwyi6nzX5ZL?si=m2ZyTAx-RSqpSbRvE4eDGA\" target=\"_blank\" rel=\"noopener\"><img loading=\"lazy\" decoding=\"async\" width=\"1024\" height=\"1015\" src=\"https:\/\/establodegrabacion.com\/wp-content\/uploads\/2024\/11\/PANTANO-PICANTE-1024x1015.jpg\" alt=\"\" class=\"wp-image-127\" style=\"aspect-ratio:1;object-fit:cover\" srcset=\"https:\/\/establodegrabacion.com\/wp-content\/uploads\/2024\/11\/PANTANO-PICANTE-1024x1015.jpg 1024w, https:\/\/establodegrabacion.com\/wp-content\/uploads\/2024\/11\/PANTANO-PICANTE-300x297.jpg 300w, https:\/\/establodegrabacion.com\/wp-content\/uploads\/2024\/11\/PANTANO-PICANTE-150x150.jpg 150w, https:\/\/establodegrabacion.com\/wp-content\/uploads\/2024\/11\/PANTANO-PICANTE-768x762.jpg 768w, https:\/\/establodegrabacion.com\/wp-content\/uploads\/2024\/11\/PANTANO-PICANTE.jpg 1431w\" sizes=\"auto, (max-width: 1024px) 100vw, 1024px\" \/><\/a><\/figure>\n<\/div>\n\n\n\n<div class=\"wp-block-column is-layout-flow wp-container-core-column-is-layout-4 wp-block-column-is-layout-flow\">\n<div style=\"height:var(--wp--preset--spacing--50)\" aria-hidden=\"true\" class=\"wp-block-spacer\"><\/div>\n\n\n\n<figure class=\"wp-block-image size-large is-style-rounded is-style-rounded--10\"><a href=\"https:\/\/open.spotify.com\/intl-es\/album\/7llFq8VmJKLZhiV7qyDMK2?si=2CTbkIzbRZKCK5KFC_mI-Q\" target=\"_blank\" rel=\"noopener\"><img loading=\"lazy\" decoding=\"async\" width=\"1020\" height=\"1024\" src=\"https:\/\/establodegrabacion.com\/wp-content\/uploads\/2024\/11\/MAR-BORGHI-1020x1024.jpg\" alt=\"\" class=\"wp-image-126\" style=\"aspect-ratio:1;object-fit:cover\" srcset=\"https:\/\/establodegrabacion.com\/wp-content\/uploads\/2024\/11\/MAR-BORGHI-1020x1024.jpg 1020w, https:\/\/establodegrabacion.com\/wp-content\/uploads\/2024\/11\/MAR-BORGHI-300x300.jpg 300w, https:\/\/establodegrabacion.com\/wp-content\/uploads\/2024\/11\/MAR-BORGHI-150x150.jpg 150w, https:\/\/establodegrabacion.com\/wp-content\/uploads\/2024\/11\/MAR-BORGHI-768x771.jpg 768w, https:\/\/establodegrabacion.com\/wp-content\/uploads\/2024\/11\/MAR-BORGHI.jpg 1438w\" sizes=\"auto, (max-width: 1020px) 100vw, 1020px\" \/><\/a><\/figure>\n\n\n\n<div style=\"height:var(--wp--preset--spacing--50)\" aria-hidden=\"true\" class=\"wp-block-spacer\"><\/div>\n\n\n\n<figure class=\"wp-block-image size-large is-style-rounded is-style-rounded--11\"><a href=\"https:\/\/open.spotify.com\/intl-es\/album\/2d8IXRT64JhWfWoeOCS4rX?si=D4cVX5a4RMGr2xnLNTfeDg\" target=\"_blank\" rel=\"noopener\"><img loading=\"lazy\" decoding=\"async\" width=\"1024\" height=\"1011\" src=\"https:\/\/establodegrabacion.com\/wp-content\/uploads\/2024\/11\/CAMBIAR-MAZZANTI-1024x1011.jpg\" alt=\"\" class=\"wp-image-118\" style=\"aspect-ratio:1;object-fit:cover\" srcset=\"https:\/\/establodegrabacion.com\/wp-content\/uploads\/2024\/11\/CAMBIAR-MAZZANTI-1024x1011.jpg 1024w, https:\/\/establodegrabacion.com\/wp-content\/uploads\/2024\/11\/CAMBIAR-MAZZANTI-300x296.jpg 300w, https:\/\/establodegrabacion.com\/wp-content\/uploads\/2024\/11\/CAMBIAR-MAZZANTI-768x758.jpg 768w, https:\/\/establodegrabacion.com\/wp-content\/uploads\/2024\/11\/CAMBIAR-MAZZANTI.jpg 1425w\" sizes=\"auto, (max-width: 1024px) 100vw, 1024px\" \/><\/a><\/figure>\n\n\n\n<div style=\"height:var(--wp--preset--spacing--50)\" aria-hidden=\"true\" class=\"wp-block-spacer\"><\/div>\n\n\n\n<figure class=\"wp-block-image size-large is-style-rounded is-style-rounded--12\"><a href=\"https:\/\/open.spotify.com\/intl-es\/album\/2luhcXP19Y5bPUfReGO8wb?si=dbGpqSaZS3eDzfqSQZAcpg\" target=\"_blank\" rel=\"noopener\"><img loading=\"lazy\" decoding=\"async\" width=\"1024\" height=\"1022\" src=\"https:\/\/establodegrabacion.com\/wp-content\/uploads\/2024\/11\/LA-MENTE-PEZ-PERRO-1024x1022.png\" alt=\"\" class=\"wp-image-122\" style=\"aspect-ratio:1;object-fit:cover\" srcset=\"https:\/\/establodegrabacion.com\/wp-content\/uploads\/2024\/11\/LA-MENTE-PEZ-PERRO-1024x1022.png 1024w, https:\/\/establodegrabacion.com\/wp-content\/uploads\/2024\/11\/LA-MENTE-PEZ-PERRO-300x300.png 300w, https:\/\/establodegrabacion.com\/wp-content\/uploads\/2024\/11\/LA-MENTE-PEZ-PERRO-150x150.png 150w, https:\/\/establodegrabacion.com\/wp-content\/uploads\/2024\/11\/LA-MENTE-PEZ-PERRO-768x766.png 768w, https:\/\/establodegrabacion.com\/wp-content\/uploads\/2024\/11\/LA-MENTE-PEZ-PERRO.png 1407w\" sizes=\"auto, (max-width: 1024px) 100vw, 1024px\" \/><\/a><\/figure>\n<\/div>\n<\/div>\n<\/div>","protected":false},"excerpt":{"rendered":"<p>A lo largo de los a\u00f1os, hemos tenido la suerte de recibir a las siguientes bandas y artistas en nuestro estudio, ya sea para tareas de grabaci\u00f3n y producci\u00f3n, como tambi\u00e9n para mezcla y mastering: \u00a1ESCUCH\u00c1 NUESTA PLAYLIST EN SPOTIFY!<\/p>","protected":false},"author":1,"featured_media":0,"parent":0,"menu_order":0,"comment_status":"closed","ping_status":"closed","template":"","meta":{"footnotes":""},"class_list":["post-27","page","type-page","status-publish","hentry"],"_links":{"self":[{"href":"https:\/\/establodegrabacion.com\/en\/wp-json\/wp\/v2\/pages\/27","targetHints":{"allow":["GET"]}}],"collection":[{"href":"https:\/\/establodegrabacion.com\/en\/wp-json\/wp\/v2\/pages"}],"about":[{"href":"https:\/\/establodegrabacion.com\/en\/wp-json\/wp\/v2\/types\/page"}],"author":[{"embeddable":true,"href":"https:\/\/establodegrabacion.com\/en\/wp-json\/wp\/v2\/users\/1"}],"replies":[{"embeddable":true,"href":"https:\/\/establodegrabacion.com\/en\/wp-json\/wp\/v2\/comments?post=27"}],"version-history":[{"count":20,"href":"https:\/\/establodegrabacion.com\/en\/wp-json\/wp\/v2\/pages\/27\/revisions"}],"predecessor-version":[{"id":514,"href":"https:\/\/establodegrabacion.com\/en\/wp-json\/wp\/v2\/pages\/27\/revisions\/514"}],"wp:attachment":[{"href":"https:\/\/establodegrabacion.com\/en\/wp-json\/wp\/v2\/media?parent=27"}],"curies":[{"name":"wp","href":"https:\/\/api.w.org\/{rel}","templated":true}]}}